{"id":983,"date":"2020-10-01T21:09:24","date_gmt":"2020-10-01T14:09:24","guid":{"rendered":"http:\/\/nongsan.lamgia.asia\/?page_id=983"},"modified":"2025-03-25T09:07:03","modified_gmt":"2025-03-25T02:07:03","slug":"gia-tri-cot-loi","status":"publish","type":"page","link":"https:\/\/grasslandvn.com\/?page_id=983","title":{"rendered":"Gi\u00e1 tr\u1ecb c\u1ed1t l\u00f5i"},"content":{"rendered":"<h3>TR\u00c1CH NHI\u1ec6M<\/h3>\n<ul>\n<li data-sourcepos=\"10:5-10:140\">Ch\u00fang t\u00f4i cam k\u1ebft tr\u00e1ch nhi\u1ec7m v\u1edbi t\u1eebng s\u1ea3n ph\u1ea9m, t\u1eeb kh\u00e2u l\u1ef1a ch\u1ecdn gi\u1ed1ng, ch\u0103m s\u00f3c, thu ho\u1ea1ch \u0111\u1ebfn khi s\u1ea3n ph\u1ea9m \u0111\u1ebfn tay ng\u01b0\u1eddi ti\u00eau d\u00f9ng.<\/li>\n<li data-sourcepos=\"11:5-11:108\">Ch\u00fang t\u00f4i lu\u00f4n \u0111\u1eb7t l\u1ee3i \u00edch c\u1ee7a kh\u00e1ch h\u00e0ng v\u00e0 c\u1ed9ng \u0111\u1ed3ng l\u00ean h\u00e0ng \u0111\u1ea7u, h\u01b0\u1edbng \u0111\u1ebfn s\u1ef1 ph\u00e1t tri\u1ec3n b\u1ec1n v\u1eefng.<\/li>\n<\/ul>\n<h3>CH\u1ea4T L\u01af\u1ee2NG<\/h3>\n<ul>\n<li data-sourcepos=\"13:5-13:142\">Ch\u1ea5t l\u01b0\u1ee3ng l\u00e0 \u01b0u ti\u00ean h\u00e0ng \u0111\u1ea7u c\u1ee7a ch\u00fang t\u00f4i. Ch\u00fang t\u00f4i ch\u1ec9 cung c\u1ea5p nh\u1eefng s\u1ea3n ph\u1ea9m n\u00f4ng s\u1ea3n t\u01b0\u01a1i ngon, an to\u00e0n v\u00e0 gi\u00e0u dinh d\u01b0\u1ee1ng nh\u1ea5t.<\/li>\n<li data-sourcepos=\"14:5-14:121\">Ch\u00fang t\u00f4i \u00e1p d\u1ee5ng c\u00e1c quy tr\u00ecnh ki\u1ec3m so\u00e1t ch\u1ea5t l\u01b0\u1ee3ng nghi\u00eam ng\u1eb7t, \u0111\u1ea3m b\u1ea3o m\u1ecdi s\u1ea3n ph\u1ea9m \u0111\u1ec1u \u0111\u1ea1t ti\u00eau chu\u1ea9n cao nh\u1ea5t.<\/li>\n<\/ul>\n<h3>NI\u1ec0M TIN<\/h3>\n<ul>\n<li data-sourcepos=\"16:5-16:108\">Ch\u00fang t\u00f4i coi tr\u1ecdng ni\u1ec1m tin c\u1ee7a kh\u00e1ch h\u00e0ng v\u00e0 x\u00e2y d\u1ef1ng m\u1ed1i quan h\u1ec7 d\u1ef1a tr\u00ean s\u1ef1 trung th\u1ef1c, minh b\u1ea1ch.<\/li>\n<li data-sourcepos=\"17:5-18:0\">Ch\u00fang t\u00f4i cam k\u1ebft cung c\u1ea5p th\u00f4ng tin ch\u00ednh x\u00e1c, r\u00f5 r\u00e0ng v\u1ec1 ngu\u1ed3n g\u1ed1c v\u00e0 ch\u1ea5t l\u01b0\u1ee3ng s\u1ea3n ph\u1ea9m.<\/li>\n<\/ul>\n","protected":false},"excerpt":{"rendered":"<p>TR\u00c1CH NHI\u1ec6M Ch\u00fang t\u00f4i cam k\u1ebft tr\u00e1ch nhi\u1ec7m v\u1edbi t\u1eebng s\u1ea3n ph\u1ea9m, t\u1eeb kh\u00e2u l\u1ef1a ch\u1ecdn gi\u1ed1ng, ch\u0103m s\u00f3c, thu ho\u1ea1ch \u0111\u1ebfn khi s\u1ea3n ph\u1ea9m \u0111\u1ebfn tay ng\u01b0\u1eddi ti\u00eau d\u00f9ng. Ch\u00fang t\u00f4i lu\u00f4n \u0111\u1eb7t l\u1ee3i \u00edch c\u1ee7a kh\u00e1ch h\u00e0ng v\u00e0 c\u1ed9ng \u0111\u1ed3ng l\u00ean h\u00e0ng \u0111\u1ea7u, h\u01b0\u1edbng \u0111\u1ebfn s\u1ef1 ph\u00e1t tri\u1ec3n b\u1ec1n v\u1eefng. CH\u1ea4T L\u01af\u1ee2NG Ch\u1ea5t&#8230;<\/p>\n","protected":false},"author":1,"featured_media":0,"parent":0,"menu_order":0,"comment_status":"closed","ping_status":"closed","template":"page-right-sidebar.php","meta":{"footnotes":""},"class_list":["post-983","page","type-page","status-publish","hentry"],"_links":{"self":[{"href":"https:\/\/grasslandvn.com\/index.php?rest_route=\/wp\/v2\/pages\/983","targetHints":{"allow":["GET"]}}],"collection":[{"href":"https:\/\/grasslandvn.com\/index.php?rest_route=\/wp\/v2\/pages"}],"about":[{"href":"https:\/\/grasslandvn.com\/index.php?rest_route=\/wp\/v2\/types\/page"}],"author":[{"embeddable":true,"href":"https:\/\/grasslandvn.com\/index.php?rest_route=\/wp\/v2\/users\/1"}],"replies":[{"embeddable":true,"href":"https:\/\/grasslandvn.com\/index.php?rest_route=%2Fwp%2Fv2%2Fcomments&post=983"}],"version-history":[{"count":1,"href":"https:\/\/grasslandvn.com\/index.php?rest_route=\/wp\/v2\/pages\/983\/revisions"}],"predecessor-version":[{"id":1648,"href":"https:\/\/grasslandvn.com\/index.php?rest_route=\/wp\/v2\/pages\/983\/revisions\/1648"}],"wp:attachment":[{"href":"https:\/\/grasslandvn.com\/index.php?rest_route=%2Fwp%2Fv2%2Fmedia&parent=983"}],"curies":[{"name":"wp","href":"https:\/\/api.w.org\/{rel}","templated":true}]}}